{"id":1508,"date":"2024-11-03T05:41:22","date_gmt":"2024-11-03T05:41:22","guid":{"rendered":"https:\/\/www.out-of-the-hat.de\/?page_id=1508"},"modified":"2025-01-10T21:03:41","modified_gmt":"2025-01-10T21:03:41","slug":"blog","status":"publish","type":"page","link":"https:\/\/www.out-of-the-hat.de\/?page_id=1508","title":{"rendered":"Spende"},"content":{"rendered":"<div class=\"wp-block-image\">\n<figure class=\"aligncenter size-large is-resized\"><img loading=\"lazy\" decoding=\"async\" width=\"1024\" height=\"768\" src=\"https:\/\/www.out-of-the-hat.de\/wp-content\/uploads\/2025\/01\/money-3090724_1280-1024x768.jpg\" alt=\"\" class=\"wp-image-1799\" style=\"width:193px;height:auto\" srcset=\"https:\/\/www.out-of-the-hat.de\/wp-content\/uploads\/2025\/01\/money-3090724_1280-1024x768.jpg 1024w, https:\/\/www.out-of-the-hat.de\/wp-content\/uploads\/2025\/01\/money-3090724_1280-300x225.jpg 300w, https:\/\/www.out-of-the-hat.de\/wp-content\/uploads\/2025\/01\/money-3090724_1280-768x576.jpg 768w, https:\/\/www.out-of-the-hat.de\/wp-content\/uploads\/2025\/01\/money-3090724_1280-150x113.jpg 150w, https:\/\/www.out-of-the-hat.de\/wp-content\/uploads\/2025\/01\/money-3090724_1280.jpg 1280w\" sizes=\"auto, (max-width: 1024px) 100vw, 1024px\" \/><\/figure>\n<\/div>\n\n\n<p><strong>Ein kleiner Beitrag, eine gro\u00dfe Wirkung.<\/strong><\/p>\n\n\n\n<p>Mit Ihrer Spende geben Sie Menschen Hoffnung und erm\u00f6glichen es uns, konkretes Beispiel eines Projekts, z.B. Kindern den Zugang zu Bildung zu erm\u00f6glichen]. Werden Sie Teil unserer Gemeinschaft und gestalten Sie gemeinsam mit uns eine bessere Zukunft.<\/p>\n\n\n\n<p><\/p>\n\n\n\n<p><\/p>\n\n\n\n<p>Unsere Krypto Adressen:<\/p>\n\n\n\n<p>USDT<\/p>\n\n\n\n<p>TRC20<\/p>\n\n\n\n<p><\/p>\n\n\n\n<p>Bankverbindung:<\/p>\n","protected":false},"excerpt":{"rendered":"<p>Ein kleiner Beitrag, eine gro\u00dfe Wirkung. Mit Ihrer Spende geben Sie Menschen Hoffnung und erm\u00f6glichen es uns, konkretes Beispiel eines Projekts, z.B. Kindern den Zugang zu Bildung zu erm\u00f6glichen]. Werden Sie Teil unserer Gemeinschaft und gestalten Sie gemeinsam mit uns eine bessere Zukunft. Unsere Krypto Adressen: USDT TRC20 Bankverbindung:<\/p>\n","protected":false},"author":9,"featured_media":0,"parent":0,"menu_order":0,"comment_status":"closed","ping_status":"closed","template":"","meta":{"footnotes":""},"class_list":["post-1508","page","type-page","status-publish","hentry"],"_links":{"self":[{"href":"https:\/\/www.out-of-the-hat.de\/index.php?rest_route=\/wp\/v2\/pages\/1508","targetHints":{"allow":["GET"]}}],"collection":[{"href":"https:\/\/www.out-of-the-hat.de\/index.php?rest_route=\/wp\/v2\/pages"}],"about":[{"href":"https:\/\/www.out-of-the-hat.de\/index.php?rest_route=\/wp\/v2\/types\/page"}],"author":[{"embeddable":true,"href":"https:\/\/www.out-of-the-hat.de\/index.php?rest_route=\/wp\/v2\/users\/9"}],"replies":[{"embeddable":true,"href":"https:\/\/www.out-of-the-hat.de\/index.php?rest_route=%2Fwp%2Fv2%2Fcomments&post=1508"}],"version-history":[{"count":7,"href":"https:\/\/www.out-of-the-hat.de\/index.php?rest_route=\/wp\/v2\/pages\/1508\/revisions"}],"predecessor-version":[{"id":1802,"href":"https:\/\/www.out-of-the-hat.de\/index.php?rest_route=\/wp\/v2\/pages\/1508\/revisions\/1802"}],"wp:attachment":[{"href":"https:\/\/www.out-of-the-hat.de\/index.php?rest_route=%2Fwp%2Fv2%2Fmedia&parent=1508"}],"curies":[{"name":"wp","href":"https:\/\/api.w.org\/{rel}","templated":true}]}}