{"id":1868,"date":"2025-01-11T10:15:38","date_gmt":"2025-01-11T10:15:38","guid":{"rendered":"https:\/\/www.out-of-the-hat.de\/?page_id=1868"},"modified":"2025-01-11T10:47:56","modified_gmt":"2025-01-11T10:47:56","slug":"unsere-vision","status":"publish","type":"page","link":"https:\/\/www.out-of-the-hat.de\/?page_id=1868","title":{"rendered":"Unsere Vision"},"content":{"rendered":"\n<p>Unsere Vision ist eine Welt, in der jeder Mensch die M\u00f6glichkeit hat, sein Potenzial voll auszusch\u00f6pfen, in der die Natur gesch\u00fctzt und gef\u00f6rdert wird und in der alle Menschen in W\u00fcrde und Frieden leben k\u00f6nnen. Wir sind \u00fcberzeugt, dass Bildung der Schl\u00fcssel zu einer nachhaltigen Entwicklung ist und dass jeder Mensch das Recht auf eine gute Bildung hat. <\/p>\n\n\n\n<p><\/p>\n\n\n\n<p>Deshalb f\u00f6rdern wir Bildungsprojekte weltweit. Gleichzeitig setzen wir uns f\u00fcr den Schutz unserer Umwelt ein, denn eine gesunde Umwelt ist die Grundlage f\u00fcr alles Leben. Wir unterst\u00fctzen Projekte zum Schutz bedrohter Arten, zur F\u00f6rderung erneuerbarer Energien und zur Bek\u00e4mpfung des Klimawandels. Dar\u00fcber hinaus engagieren wir uns f\u00fcr soziale Gerechtigkeit und unterst\u00fctzen Menschen in Not.<\/p>\n\n\n\n<p><\/p>\n\n\n\n<p><\/p>\n\n\n\n<p>Gerne k\u00f6nnen Sie sich hier umsehen, welche spannenden Projekte wir umsetzen. Von der F\u00f6rderung nachhaltiger Landwirtschaft bis hin zur Unterst\u00fctzung von Bildungsinitiativen \u2013 bei uns finden Sie eine Vielzahl von M\u00f6glichkeiten, sich zu engagieren. Wir sind sicher, dass auch f\u00fcr Sie das Passende dabei ist.<\/p>\n\n\n\n<div data-wp-interactive=\"core\/file\" class=\"wp-block-file\"><object data-wp-bind--hidden=\"!state.hasPdfPreview\" hidden class=\"wp-block-file__embed\" data=\"https:\/\/www.out-of-the-hat.de\/wp-content\/uploads\/2025\/01\/Projekt-Bienen-Insekten.pdf\" type=\"application\/pdf\" style=\"width:100%;height:600px\" aria-label=\"Einbettung von Projekt-Bienen-Insekten.\"><\/object><a id=\"wp-block-file--media-0a54d2a7-e005-46a1-87cf-c8d504bc8f36\" href=\"https:\/\/www.out-of-the-hat.de\/wp-content\/uploads\/2025\/01\/Projekt-Bienen-Insekten.pdf\">Projekt-Bienen-Insekten<\/a><a href=\"https:\/\/www.out-of-the-hat.de\/wp-content\/uploads\/2025\/01\/Projekt-Bienen-Insekten.pdf\" class=\"wp-block-file__button wp-element-button\" download aria-describedby=\"wp-block-file--media-0a54d2a7-e005-46a1-87cf-c8d504bc8f36\">Herunterladen<\/a><\/div>\n\n\n\n<div data-wp-interactive=\"core\/file\" class=\"wp-block-file\"><object data-wp-bind--hidden=\"!state.hasPdfPreview\" hidden class=\"wp-block-file__embed\" data=\"https:\/\/www.out-of-the-hat.de\/wp-content\/uploads\/2025\/01\/Projekt-Bildung.pdf\" type=\"application\/pdf\" style=\"width:100%;height:600px\" aria-label=\"Einbettung von Projekt-Bildung.\"><\/object><a id=\"wp-block-file--media-a2c3828b-d088-4a0e-ad23-d47bdadf1a0d\" href=\"https:\/\/www.out-of-the-hat.de\/wp-content\/uploads\/2025\/01\/Projekt-Bildung.pdf\">Projekt-Bildung<\/a><a href=\"https:\/\/www.out-of-the-hat.de\/wp-content\/uploads\/2025\/01\/Projekt-Bildung.pdf\" class=\"wp-block-file__button wp-element-button\" download aria-describedby=\"wp-block-file--media-a2c3828b-d088-4a0e-ad23-d47bdadf1a0d\">Herunterladen<\/a><\/div>\n\n\n\n<div data-wp-interactive=\"core\/file\" class=\"wp-block-file\"><object data-wp-bind--hidden=\"!state.hasPdfPreview\" hidden class=\"wp-block-file__embed\" data=\"https:\/\/www.out-of-the-hat.de\/wp-content\/uploads\/2025\/01\/Projekt-Wirtschaft.pdf\" type=\"application\/pdf\" style=\"width:100%;height:600px\" aria-label=\"Einbettung von Projekt-Wirtschaft.\"><\/object><a id=\"wp-block-file--media-383dff14-6234-493f-b9b3-2d85714338e3\" href=\"https:\/\/www.out-of-the-hat.de\/wp-content\/uploads\/2025\/01\/Projekt-Wirtschaft.pdf\">Projekt-Wirtschaft<\/a><a href=\"https:\/\/www.out-of-the-hat.de\/wp-content\/uploads\/2025\/01\/Projekt-Wirtschaft.pdf\" class=\"wp-block-file__button wp-element-button\" download aria-describedby=\"wp-block-file--media-383dff14-6234-493f-b9b3-2d85714338e3\">Herunterladen<\/a><\/div>\n\n\n\n<div data-wp-interactive=\"core\/file\" class=\"wp-block-file\"><object data-wp-bind--hidden=\"!state.hasPdfPreview\" hidden class=\"wp-block-file__embed\" data=\"https:\/\/www.out-of-the-hat.de\/wp-content\/uploads\/2025\/01\/Projekt-Wirtschaft.pdf\" type=\"application\/pdf\" style=\"width:100%;height:600px\" aria-label=\"Einbettung von Projekt-Wirtschaft.\"><\/object><a id=\"wp-block-file--media-c3fcc66b-ecd2-4139-8f8d-d92eed8f1edf\" href=\"https:\/\/www.out-of-the-hat.de\/wp-content\/uploads\/2025\/01\/Projekt-Wirtschaft.pdf\">Projekt-Wirtschaft<\/a><a href=\"https:\/\/www.out-of-the-hat.de\/wp-content\/uploads\/2025\/01\/Projekt-Wirtschaft.pdf\" class=\"wp-block-file__button wp-element-button\" download aria-describedby=\"wp-block-file--media-c3fcc66b-ecd2-4139-8f8d-d92eed8f1edf\">Herunterladen<\/a><\/div>\n\n\n\n<div data-wp-interactive=\"core\/file\" class=\"wp-block-file\"><object data-wp-bind--hidden=\"!state.hasPdfPreview\" hidden class=\"wp-block-file__embed\" data=\"https:\/\/www.out-of-the-hat.de\/wp-content\/uploads\/2025\/01\/Projekt-Wasserstoff-1.pdf\" type=\"application\/pdf\" style=\"width:100%;height:600px\" aria-label=\"Einbettung von Projekt-Wasserstoff.\"><\/object><a id=\"wp-block-file--media-9ea0b224-9732-4bc7-b242-8a23af123d6d\" href=\"https:\/\/www.out-of-the-hat.de\/wp-content\/uploads\/2025\/01\/Projekt-Wasserstoff-1.pdf\">Projekt-Wasserstoff<\/a><a href=\"https:\/\/www.out-of-the-hat.de\/wp-content\/uploads\/2025\/01\/Projekt-Wasserstoff-1.pdf\" class=\"wp-block-file__button wp-element-button\" download aria-describedby=\"wp-block-file--media-9ea0b224-9732-4bc7-b242-8a23af123d6d\">Herunterladen<\/a><\/div>\n\n\n\n<div data-wp-interactive=\"core\/file\" class=\"wp-block-file\"><object data-wp-bind--hidden=\"!state.hasPdfPreview\" hidden class=\"wp-block-file__embed\" data=\"https:\/\/www.out-of-the-hat.de\/wp-content\/uploads\/2025\/01\/Projekt-Wasser.pdf\" type=\"application\/pdf\" style=\"width:100%;height:600px\" aria-label=\"Einbettung von Projekt-Wasser.\"><\/object><a id=\"wp-block-file--media-a0694210-7449-4b88-88f7-2a345c35a2a3\" href=\"https:\/\/www.out-of-the-hat.de\/wp-content\/uploads\/2025\/01\/Projekt-Wasser.pdf\">Projekt-Wasser<\/a><a href=\"https:\/\/www.out-of-the-hat.de\/wp-content\/uploads\/2025\/01\/Projekt-Wasser.pdf\" class=\"wp-block-file__button wp-element-button\" download aria-describedby=\"wp-block-file--media-a0694210-7449-4b88-88f7-2a345c35a2a3\">Herunterladen<\/a><\/div>\n\n\n\n<div data-wp-interactive=\"core\/file\" class=\"wp-block-file\"><object data-wp-bind--hidden=\"!state.hasPdfPreview\" hidden class=\"wp-block-file__embed\" data=\"https:\/\/www.out-of-the-hat.de\/wp-content\/uploads\/2025\/01\/Projekt-technologie.pdf\" type=\"application\/pdf\" style=\"width:100%;height:600px\" aria-label=\"Einbettung von Projekt-technologie.\"><\/object><a id=\"wp-block-file--media-34af833e-35a4-46bb-b4d5-4b447d6c6552\" href=\"https:\/\/www.out-of-the-hat.de\/wp-content\/uploads\/2025\/01\/Projekt-technologie.pdf\">Projekt-technologie<\/a><a href=\"https:\/\/www.out-of-the-hat.de\/wp-content\/uploads\/2025\/01\/Projekt-technologie.pdf\" class=\"wp-block-file__button wp-element-button\" download aria-describedby=\"wp-block-file--media-34af833e-35a4-46bb-b4d5-4b447d6c6552\">Herunterladen<\/a><\/div>\n\n\n\n<div data-wp-interactive=\"core\/file\" class=\"wp-block-file\"><object data-wp-bind--hidden=\"!state.hasPdfPreview\" hidden class=\"wp-block-file__embed\" data=\"https:\/\/www.out-of-the-hat.de\/wp-content\/uploads\/2025\/01\/Projekt-Patenkinder.pdf\" type=\"application\/pdf\" style=\"width:100%;height:600px\" aria-label=\"Einbettung von Projekt-Patenkinder.\"><\/object><a id=\"wp-block-file--media-31b7b178-9be3-46e6-a14f-b8e3c624dc30\" href=\"https:\/\/www.out-of-the-hat.de\/wp-content\/uploads\/2025\/01\/Projekt-Patenkinder.pdf\">Projekt-Patenkinder<\/a><a href=\"https:\/\/www.out-of-the-hat.de\/wp-content\/uploads\/2025\/01\/Projekt-Patenkinder.pdf\" class=\"wp-block-file__button wp-element-button\" download aria-describedby=\"wp-block-file--media-31b7b178-9be3-46e6-a14f-b8e3c624dc30\">Herunterladen<\/a><\/div>\n\n\n\n<div data-wp-interactive=\"core\/file\" class=\"wp-block-file\"><object data-wp-bind--hidden=\"!state.hasPdfPreview\" hidden class=\"wp-block-file__embed\" data=\"https:\/\/www.out-of-the-hat.de\/wp-content\/uploads\/2025\/01\/Projekt-Obdachlose.pdf\" type=\"application\/pdf\" style=\"width:100%;height:600px\" aria-label=\"Einbettung von Projekt-Obdachlose.\"><\/object><a id=\"wp-block-file--media-7924fe19-9f88-49b7-ac67-bab09ccff277\" href=\"https:\/\/www.out-of-the-hat.de\/wp-content\/uploads\/2025\/01\/Projekt-Obdachlose.pdf\">Projekt-Obdachlose<\/a><a href=\"https:\/\/www.out-of-the-hat.de\/wp-content\/uploads\/2025\/01\/Projekt-Obdachlose.pdf\" class=\"wp-block-file__button wp-element-button\" download aria-describedby=\"wp-block-file--media-7924fe19-9f88-49b7-ac67-bab09ccff277\">Herunterladen<\/a><\/div>\n\n\n\n<div data-wp-interactive=\"core\/file\" class=\"wp-block-file\"><object data-wp-bind--hidden=\"!state.hasPdfPreview\" hidden class=\"wp-block-file__embed\" data=\"https:\/\/www.out-of-the-hat.de\/wp-content\/uploads\/2025\/01\/Projekt-Klima.pdf\" type=\"application\/pdf\" style=\"width:100%;height:600px\" aria-label=\"Einbettung von Projekt-Klima.\"><\/object><a id=\"wp-block-file--media-07da1a91-9dae-4adf-b288-7363dda5ae5f\" href=\"https:\/\/www.out-of-the-hat.de\/wp-content\/uploads\/2025\/01\/Projekt-Klima.pdf\">Projekt-Klima<\/a><a href=\"https:\/\/www.out-of-the-hat.de\/wp-content\/uploads\/2025\/01\/Projekt-Klima.pdf\" class=\"wp-block-file__button wp-element-button\" download aria-describedby=\"wp-block-file--media-07da1a91-9dae-4adf-b288-7363dda5ae5f\">Herunterladen<\/a><\/div>\n\n\n\n<div data-wp-interactive=\"core\/file\" class=\"wp-block-file\"><object data-wp-bind--hidden=\"!state.hasPdfPreview\" hidden class=\"wp-block-file__embed\" data=\"https:\/\/www.out-of-the-hat.de\/wp-content\/uploads\/2025\/01\/Plastik-Kraftstoff.pdf\" type=\"application\/pdf\" style=\"width:100%;height:600px\" aria-label=\"Einbettung von Plastik-Kraftstoff.\"><\/object><a id=\"wp-block-file--media-43a6f887-1cc6-404d-9140-8e45593396e7\" href=\"https:\/\/www.out-of-the-hat.de\/wp-content\/uploads\/2025\/01\/Plastik-Kraftstoff.pdf\">Plastik-Kraftstoff<\/a><a href=\"https:\/\/www.out-of-the-hat.de\/wp-content\/uploads\/2025\/01\/Plastik-Kraftstoff.pdf\" class=\"wp-block-file__button wp-element-button\" download aria-describedby=\"wp-block-file--media-43a6f887-1cc6-404d-9140-8e45593396e7\">Herunterladen<\/a><\/div>\n","protected":false},"excerpt":{"rendered":"<p>Unsere Vision ist eine Welt, in der jeder Mensch die M\u00f6glichkeit hat, sein Potenzial voll auszusch\u00f6pfen, in der die Natur gesch\u00fctzt und gef\u00f6rdert wird und in der alle Menschen in W\u00fcrde und Frieden leben k\u00f6nnen. Wir sind \u00fcberzeugt, dass Bildung der Schl\u00fcssel zu einer nachhaltigen Entwicklung ist und dass jeder&#8230;<\/p>\n","protected":false},"author":9,"featured_media":0,"parent":0,"menu_order":0,"comment_status":"closed","ping_status":"closed","template":"","meta":{"footnotes":""},"class_list":["post-1868","page","type-page","status-publish","hentry"],"_links":{"self":[{"href":"https:\/\/www.out-of-the-hat.de\/index.php?rest_route=\/wp\/v2\/pages\/1868","targetHints":{"allow":["GET"]}}],"collection":[{"href":"https:\/\/www.out-of-the-hat.de\/index.php?rest_route=\/wp\/v2\/pages"}],"about":[{"href":"https:\/\/www.out-of-the-hat.de\/index.php?rest_route=\/wp\/v2\/types\/page"}],"author":[{"embeddable":true,"href":"https:\/\/www.out-of-the-hat.de\/index.php?rest_route=\/wp\/v2\/users\/9"}],"replies":[{"embeddable":true,"href":"https:\/\/www.out-of-the-hat.de\/index.php?rest_route=%2Fwp%2Fv2%2Fcomments&post=1868"}],"version-history":[{"count":8,"href":"https:\/\/www.out-of-the-hat.de\/index.php?rest_route=\/wp\/v2\/pages\/1868\/revisions"}],"predecessor-version":[{"id":1894,"href":"https:\/\/www.out-of-the-hat.de\/index.php?rest_route=\/wp\/v2\/pages\/1868\/revisions\/1894"}],"wp:attachment":[{"href":"https:\/\/www.out-of-the-hat.de\/index.php?rest_route=%2Fwp%2Fv2%2Fmedia&parent=1868"}],"curies":[{"name":"wp","href":"https:\/\/api.w.org\/{rel}","templated":true}]}}