{"id":29,"date":"2024-11-03T05:41:21","date_gmt":"2024-11-03T05:41:21","guid":{"rendered":"https:\/\/www.out-of-the-hat.de\/?page_id=29"},"modified":"2025-01-11T10:26:01","modified_gmt":"2025-01-11T10:26:01","slug":"home-2","status":"publish","type":"page","link":"https:\/\/www.out-of-the-hat.de\/","title":{"rendered":"Home"},"content":{"rendered":"\n<p class=\"has-text-align-center\"><strong>Willkommen auf Out of the Hat  <\/strong><\/p>\n\n\n\n<p class=\"has-text-align-center\"><strong>Sie m\u00f6chten sich aktiv f\u00fcr eine nachhaltige Entwicklung einsetzen? Bei uns finden Sie zahlreiche M\u00f6glichkeiten, Ihre Ideen und Ihr Engagement einzubringen. Ob Sie sich f\u00fcr Umweltschutz, Bildung oder soziale Gerechtigkeit interessieren \u2013 wir bieten Ihnen vielf\u00e4ltige Projekte, in denen Sie Ihren Beitrag leisten k\u00f6nnen.<\/strong><\/p>\n\n\n\n<p class=\"has-text-align-center\"><br><strong>Unsere Projekte:<\/strong><\/p>\n\n\n\n<figure class=\"wp-block-gallery has-nested-images columns-default is-cropped wp-block-gallery-1 is-layout-flex wp-block-gallery-is-layout-flex\">\n<figure class=\"wp-block-image size-large\"><img loading=\"lazy\" decoding=\"async\" width=\"1024\" height=\"682\" data-id=\"1864\" src=\"https:\/\/www.out-of-the-hat.de\/wp-content\/uploads\/2025\/01\/teacher-4784917_1280-1024x682.jpg\" alt=\"\" class=\"wp-image-1864\" srcset=\"https:\/\/www.out-of-the-hat.de\/wp-content\/uploads\/2025\/01\/teacher-4784917_1280-1024x682.jpg 1024w, https:\/\/www.out-of-the-hat.de\/wp-content\/uploads\/2025\/01\/teacher-4784917_1280-300x200.jpg 300w, https:\/\/www.out-of-the-hat.de\/wp-content\/uploads\/2025\/01\/teacher-4784917_1280-768x512.jpg 768w, https:\/\/www.out-of-the-hat.de\/wp-content\/uploads\/2025\/01\/teacher-4784917_1280-850x566.jpg 850w, https:\/\/www.out-of-the-hat.de\/wp-content\/uploads\/2025\/01\/teacher-4784917_1280.jpg 1280w\" sizes=\"auto, (max-width: 1024px) 100vw, 1024px\" \/><figcaption class=\"wp-element-caption\">             Bildung<\/figcaption><\/figure>\n\n\n\n<figure class=\"wp-block-image size-large\"><img loading=\"lazy\" decoding=\"async\" width=\"1024\" height=\"683\" data-id=\"1791\" src=\"https:\/\/www.out-of-the-hat.de\/wp-content\/uploads\/2025\/01\/Humanitaer1-1024x683.jpg\" alt=\"\" class=\"wp-image-1791\" srcset=\"https:\/\/www.out-of-the-hat.de\/wp-content\/uploads\/2025\/01\/Humanitaer1-1024x683.jpg 1024w, https:\/\/www.out-of-the-hat.de\/wp-content\/uploads\/2025\/01\/Humanitaer1-300x200.jpg 300w, https:\/\/www.out-of-the-hat.de\/wp-content\/uploads\/2025\/01\/Humanitaer1-768x512.jpg 768w, https:\/\/www.out-of-the-hat.de\/wp-content\/uploads\/2025\/01\/Humanitaer1-1536x1024.jpg 1536w, https:\/\/www.out-of-the-hat.de\/wp-content\/uploads\/2025\/01\/Humanitaer1-2048x1365.jpg 2048w, https:\/\/www.out-of-the-hat.de\/wp-content\/uploads\/2025\/01\/Humanitaer1-150x100.jpg 150w\" sizes=\"auto, (max-width: 1024px) 100vw, 1024px\" \/><figcaption class=\"wp-element-caption\">       Soziale Projekte<\/figcaption><\/figure>\n<\/figure>\n\n\n\n<figure class=\"wp-block-gallery has-nested-images columns-default is-cropped wp-block-gallery-2 is-layout-flex wp-block-gallery-is-layout-flex\">\n<figure class=\"wp-block-image size-large\"><img loading=\"lazy\" decoding=\"async\" width=\"1024\" height=\"648\" data-id=\"1696\" src=\"https:\/\/www.out-of-the-hat.de\/wp-content\/uploads\/2025\/01\/hands-4091879_1280-1-1024x648.jpg\" alt=\"\" class=\"wp-image-1696\" srcset=\"https:\/\/www.out-of-the-hat.de\/wp-content\/uploads\/2025\/01\/hands-4091879_1280-1-1024x648.jpg 1024w, https:\/\/www.out-of-the-hat.de\/wp-content\/uploads\/2025\/01\/hands-4091879_1280-1-300x190.jpg 300w, https:\/\/www.out-of-the-hat.de\/wp-content\/uploads\/2025\/01\/hands-4091879_1280-1-768x486.jpg 768w, https:\/\/www.out-of-the-hat.de\/wp-content\/uploads\/2025\/01\/hands-4091879_1280-1.jpg 1280w\" sizes=\"auto, (max-width: 1024px) 100vw, 1024px\" \/><figcaption class=\"wp-element-caption\">              Natur<\/figcaption><\/figure>\n\n\n\n<figure class=\"wp-block-image size-large\"><img loading=\"lazy\" decoding=\"async\" width=\"1024\" height=\"682\" data-id=\"1795\" src=\"https:\/\/www.out-of-the-hat.de\/wp-content\/uploads\/2025\/01\/laboratory-2815641_1280-1-1024x682.jpg\" alt=\"\" class=\"wp-image-1795\"\/><figcaption class=\"wp-element-caption\">          Forschung<\/figcaption><\/figure>\n<\/figure>\n\n\n\n<figure class=\"wp-block-gallery has-nested-images columns-default is-cropped wp-block-gallery-3 is-layout-flex wp-block-gallery-is-layout-flex\">\n<figure class=\"wp-block-image size-large\"><img loading=\"lazy\" decoding=\"async\" width=\"1024\" height=\"682\" data-id=\"1865\" src=\"https:\/\/www.out-of-the-hat.de\/wp-content\/uploads\/2025\/01\/machine-1793824_1280-1024x682.jpg\" alt=\"\" class=\"wp-image-1865\" srcset=\"https:\/\/www.out-of-the-hat.de\/wp-content\/uploads\/2025\/01\/machine-1793824_1280-1024x682.jpg 1024w, https:\/\/www.out-of-the-hat.de\/wp-content\/uploads\/2025\/01\/machine-1793824_1280-300x200.jpg 300w, https:\/\/www.out-of-the-hat.de\/wp-content\/uploads\/2025\/01\/machine-1793824_1280-768x512.jpg 768w, https:\/\/www.out-of-the-hat.de\/wp-content\/uploads\/2025\/01\/machine-1793824_1280-850x566.jpg 850w, https:\/\/www.out-of-the-hat.de\/wp-content\/uploads\/2025\/01\/machine-1793824_1280.jpg 1280w\" sizes=\"auto, (max-width: 1024px) 100vw, 1024px\" \/><figcaption class=\"wp-element-caption\">         Technologie<\/figcaption><\/figure>\n\n\n\n<figure class=\"wp-block-image size-large\"><img loading=\"lazy\" decoding=\"async\" width=\"1024\" height=\"682\" data-id=\"1866\" src=\"https:\/\/www.out-of-the-hat.de\/wp-content\/uploads\/2025\/01\/garbage-4634114_1280-1024x682.jpg\" alt=\"\" class=\"wp-image-1866\" srcset=\"https:\/\/www.out-of-the-hat.de\/wp-content\/uploads\/2025\/01\/garbage-4634114_1280-1024x682.jpg 1024w, https:\/\/www.out-of-the-hat.de\/wp-content\/uploads\/2025\/01\/garbage-4634114_1280-300x200.jpg 300w, https:\/\/www.out-of-the-hat.de\/wp-content\/uploads\/2025\/01\/garbage-4634114_1280-768x512.jpg 768w, https:\/\/www.out-of-the-hat.de\/wp-content\/uploads\/2025\/01\/garbage-4634114_1280-850x566.jpg 850w, https:\/\/www.out-of-the-hat.de\/wp-content\/uploads\/2025\/01\/garbage-4634114_1280.jpg 1280w\" sizes=\"auto, (max-width: 1024px) 100vw, 1024px\" \/><figcaption class=\"wp-element-caption\">            Umwelt<\/figcaption><\/figure>\n<\/figure>\n","protected":false},"excerpt":{"rendered":"<p>Willkommen auf Out of the Hat Sie m\u00f6chten sich aktiv f\u00fcr eine nachhaltige Entwicklung einsetzen? Bei uns finden Sie zahlreiche M\u00f6glichkeiten, Ihre Ideen und Ihr Engagement einzubringen. Ob Sie sich f\u00fcr Umweltschutz, Bildung oder soziale Gerechtigkeit interessieren \u2013 wir bieten Ihnen vielf\u00e4ltige Projekte, in denen Sie Ihren Beitrag leisten k\u00f6nnen&#8230;.<\/p>\n","protected":false},"author":9,"featured_media":0,"parent":0,"menu_order":0,"comment_status":"closed","ping_status":"closed","template":"","meta":{"footnotes":""},"class_list":["post-29","page","type-page","status-publish","hentry"],"_links":{"self":[{"href":"https:\/\/www.out-of-the-hat.de\/index.php?rest_route=\/wp\/v2\/pages\/29","targetHints":{"allow":["GET"]}}],"collection":[{"href":"https:\/\/www.out-of-the-hat.de\/index.php?rest_route=\/wp\/v2\/pages"}],"about":[{"href":"https:\/\/www.out-of-the-hat.de\/index.php?rest_route=\/wp\/v2\/types\/page"}],"author":[{"embeddable":true,"href":"https:\/\/www.out-of-the-hat.de\/index.php?rest_route=\/wp\/v2\/users\/9"}],"replies":[{"embeddable":true,"href":"https:\/\/www.out-of-the-hat.de\/index.php?rest_route=%2Fwp%2Fv2%2Fcomments&post=29"}],"version-history":[{"count":21,"href":"https:\/\/www.out-of-the-hat.de\/index.php?rest_route=\/wp\/v2\/pages\/29\/revisions"}],"predecessor-version":[{"id":1874,"href":"https:\/\/www.out-of-the-hat.de\/index.php?rest_route=\/wp\/v2\/pages\/29\/revisions\/1874"}],"wp:attachment":[{"href":"https:\/\/www.out-of-the-hat.de\/index.php?rest_route=%2Fwp%2Fv2%2Fmedia&parent=29"}],"curies":[{"name":"wp","href":"https:\/\/api.w.org\/{rel}","templated":true}]}}